{"id":5021,"date":"2020-09-10T10:57:11","date_gmt":"2020-09-10T08:57:11","guid":{"rendered":"https:\/\/sgsolutionsrl.it\/?post_type=product&#038;p=3997"},"modified":"2020-11-15T19:51:38","modified_gmt":"2020-11-15T19:51:38","slug":"assistenza-plus-team-wp-4-ore","status":"publish","type":"product","link":"https:\/\/falatech.it\/en\/product\/assistenza-plus-team-wp-4-ore\/","title":{"rendered":"Assistenza PLUS team WP 4 ore"},"content":{"rendered":"<p>Il web master ti aiuter\u00e0 con le modifiche al tema, ai plugin o alla struttura.<\/p>\n<p>Le ore sono cumulabili e fruibili in pi\u00f9 interventi<\/p>\n<p>Completato l&#8217;acquisto un nostro tecnico la contatter\u00e0 per ricevere gli accessi wordpress, database e file ftp guidandola passo per passo nel reperimento di tali credenziali.<\/p>","protected":false},"excerpt":{"rendered":"<p>Il web master ti aiuter\u00e0 con le modifiche al tema, ai plugin o alla struttura. Le ore sono cumulabili e fruibili in pi\u00f9 interventi Completato l&#8217;acquisto un nostro tecnico la contatter\u00e0 per ricevere gli accessi wordpress, database e file ftp guidandola passo per passo nel reperimento di tali credenziali.<\/p>","protected":false},"featured_media":5023,"template":"","meta":[],"product_cat":[45],"product_tag":[46,49,48,47],"yst_prominent_words":[],"class_list":{"0":"post-5021","1":"product","2":"type-product","3":"status-publish","4":"has-post-thumbnail","6":"product_cat-wordpress","7":"product_tag-assistenza","8":"product_tag-errore-wordpress","9":"product_tag-problemi-wordpess","10":"product_tag-wordpress","12":"first","13":"instock","14":"taxable","15":"shipping-taxable","16":"purchasable","17":"product-type-simple"},"jetpack_publicize_connections":[],"_links":{"self":[{"href":"https:\/\/falatech.it\/en\/wp-json\/wp\/v2\/product\/5021","targetHints":{"allow":["GET"]}}],"collection":[{"href":"https:\/\/falatech.it\/en\/wp-json\/wp\/v2\/product"}],"about":[{"href":"https:\/\/falatech.it\/en\/wp-json\/wp\/v2\/types\/product"}],"wp:featuredmedia":[{"embeddable":true,"href":"https:\/\/falatech.it\/en\/wp-json\/wp\/v2\/media\/5023"}],"wp:attachment":[{"href":"https:\/\/falatech.it\/en\/wp-json\/wp\/v2\/media?parent=5021"}],"wp:term":[{"taxonomy":"product_cat","embeddable":true,"href":"https:\/\/falatech.it\/en\/wp-json\/wp\/v2\/product_cat?post=5021"},{"taxonomy":"product_tag","embeddable":true,"href":"https:\/\/falatech.it\/en\/wp-json\/wp\/v2\/product_tag?post=5021"},{"taxonomy":"yst_prominent_words","embeddable":true,"href":"https:\/\/falatech.it\/en\/wp-json\/wp\/v2\/yst_prominent_words?post=5021"}],"curies":[{"name":"wp","href":"https:\/\/api.w.org\/{rel}","templated":true}]}}